{"id":5052,"date":"2026-03-01T21:51:43","date_gmt":"2026-03-01T21:51:43","guid":{"rendered":"https:\/\/drzwiotwieranie.pl\/?page_id=5052"},"modified":"2026-03-01T22:01:20","modified_gmt":"2026-03-01T22:01:20","slug":"wymiana-zamkow-gdansk","status":"publish","type":"page","link":"https:\/\/drzwiotwieranie.pl\/index.php\/wymiana-zamkow-gdansk\/","title":{"rendered":"Wymiana zamk\u00f3w Gda\u0144sk"},"content":{"rendered":"<!-- ================= W Y M I A N A   Z A M K \u00d3 W ================= -->\n\n\n<h1 class=\"wp-block-heading\">Wymiana zamk\u00f3w Gda\u0144sk \u2013 monta\u017c, naprawa i doradztwo<\/h1>\n\n\n\n<p><strong>Wymiana zamk\u00f3w w Gda\u0144sku<\/strong> to najlepsze rozwi\u0105zanie po zgubieniu kluczy, w\u0142amaniu, przeprowadzce lub w przypadku awarii starego mechanizmu. Zapewniamy fachowy monta\u017c oraz pomoc w doborze odpowiednich zabezpiecze\u0144.<\/p>\n\n\n\n<h2 class=\"wp-block-heading\">Jakie zamki wymieniamy?<\/h2>\n\n\n\n<ul class=\"wp-block-list\">\n<li>wk\u0142adki b\u0119benkowe<\/li>\n<li>zamki wpuszczane<\/li>\n<li>zamki nawierzchniowe<\/li>\n<li>zamki antyw\u0142amaniowe<\/li>\n<li>zamki do drzwi stalowych i drewnianych<\/li>\n<\/ul>\n\n\n\n<p>Nie sprzedajemy najdro\u017cszych rozwi\u0105za\u0144 \u2013 <strong>doradzamy praktycznie<\/strong>, bior\u0105c pod uwag\u0119 rodzaj drzwi, poziom zabezpieczenia oraz bud\u017cet klienta.<\/p>\n\n\n\n<p><strong>Wymiana zamk\u00f3w 24H \u2013 zadzwo\u0144:<\/strong> <a href=\"tel:609548040\">609 548 040<\/a><\/p>\n\n\n","protected":false},"excerpt":{"rendered":"<p>Wymiana zamk\u00f3w Gda\u0144sk \u2013 monta\u017c, naprawa i doradztwo Wymiana zamk\u00f3w w Gda\u0144sku to najlepsze rozwi\u0105zanie po zgubieniu kluczy, w\u0142amaniu, przeprowadzce [&hellip;]<\/p>\n","protected":false},"author":1,"featured_media":0,"parent":0,"menu_order":0,"comment_status":"closed","ping_status":"closed","template":"","meta":{"site-sidebar-layout":"default","site-content-layout":"","ast-site-content-layout":"default","site-content-style":"default","site-sidebar-style":"default","ast-global-header-display":"","ast-banner-title-visibility":"","ast-main-header-display":"","ast-hfb-above-header-display":"","ast-hfb-below-header-display":"","ast-hfb-mobile-header-display":"","site-post-title":"","ast-breadcrumbs-content":"","ast-featured-img":"","footer-sml-layout":"","ast-disable-related-posts":"","theme-transparent-header-meta":"","adv-header-id-meta":"","stick-header-meta":"","header-above-stick-meta":"","header-main-stick-meta":"","header-below-stick-meta":"","astra-migrate-meta-layouts":"default","ast-page-background-enabled":"default","ast-page-background-meta":{"desktop":{"background-color":"var(--ast-global-color-5)","background-image":"","background-repeat":"repeat","background-position":"center center","background-size":"auto","background-attachment":"scroll","background-type":"","background-media":"","overlay-type":"","overlay-color":"","overlay-opacity":"","overlay-gradient":""},"tablet":{"background-color":"","background-image":"","background-repeat":"repeat","background-position":"center center","background-size":"auto","background-attachment":"scroll","background-type":"","background-media":"","overlay-type":"","overlay-color":"","overlay-opacity":"","overlay-gradient":""},"mobile":{"background-color":"","background-image":"","background-repeat":"repeat","background-position":"center center","background-size":"auto","background-attachment":"scroll","background-type":"","background-media":"","overlay-type":"","overlay-color":"","overlay-opacity":"","overlay-gradient":""}},"ast-content-background-meta":{"desktop":{"background-color":"var(--ast-global-color-4)","background-image":"","background-repeat":"repeat","background-position":"center center","background-size":"auto","background-attachment":"scroll","background-type":"","background-media":"","overlay-type":"","overlay-color":"","overlay-opacity":"","overlay-gradient":""},"tablet":{"background-color":"var(--ast-global-color-4)","background-image":"","background-repeat":"repeat","background-position":"center center","background-size":"auto","background-attachment":"scroll","background-type":"","background-media":"","overlay-type":"","overlay-color":"","overlay-opacity":"","overlay-gradient":""},"mobile":{"background-color":"var(--ast-global-color-4)","background-image":"","background-repeat":"repeat","background-position":"center center","background-size":"auto","background-attachment":"scroll","background-type":"","background-media":"","overlay-type":"","overlay-color":"","overlay-opacity":"","overlay-gradient":""}},"footnotes":""},"class_list":["post-5052","page","type-page","status-publish","hentry"],"_links":{"self":[{"href":"https:\/\/drzwiotwieranie.pl\/index.php\/wp-json\/wp\/v2\/pages\/5052","targetHints":{"allow":["GET"]}}],"collection":[{"href":"https:\/\/drzwiotwieranie.pl\/index.php\/wp-json\/wp\/v2\/pages"}],"about":[{"href":"https:\/\/drzwiotwieranie.pl\/index.php\/wp-json\/wp\/v2\/types\/page"}],"author":[{"embeddable":true,"href":"https:\/\/drzwiotwieranie.pl\/index.php\/wp-json\/wp\/v2\/users\/1"}],"replies":[{"embeddable":true,"href":"https:\/\/drzwiotwieranie.pl\/index.php\/wp-json\/wp\/v2\/comments?post=5052"}],"version-history":[{"count":2,"href":"https:\/\/drzwiotwieranie.pl\/index.php\/wp-json\/wp\/v2\/pages\/5052\/revisions"}],"predecessor-version":[{"id":5064,"href":"https:\/\/drzwiotwieranie.pl\/index.php\/wp-json\/wp\/v2\/pages\/5052\/revisions\/5064"}],"wp:attachment":[{"href":"https:\/\/drzwiotwieranie.pl\/index.php\/wp-json\/wp\/v2\/media?parent=5052"}],"curies":[{"name":"wp","href":"https:\/\/api.w.org\/{rel}","templated":true}]}}