{"id":5050,"date":"2026-03-01T21:50:39","date_gmt":"2026-03-01T21:50:39","guid":{"rendered":"https:\/\/drzwiotwieranie.pl\/?page_id=5050"},"modified":"2026-03-01T21:57:03","modified_gmt":"2026-03-01T21:57:03","slug":"otwieranie-samochodow-gdansk","status":"publish","type":"page","link":"https:\/\/drzwiotwieranie.pl\/index.php\/otwieranie-samochodow-gdansk\/","title":{"rendered":"Otwieranie Samochod\u00f3w Gda\u0144sk"},"content":{"rendered":"<!-- ================= O T W I E R A N I E   S A M O C H O D \u00d3 W ================= -->\n\n\n<h1 class=\"wp-block-heading\">Otwieranie samochod\u00f3w Gda\u0144sk \u2013 bezpiecznie i legalnie 24H<\/h1>\n\n\n\n<p><strong>Otwieranie samochod\u00f3w w Gda\u0144sku<\/strong> wykonujemy w sytuacjach, gdy kluczyki zosta\u0142y zatrza\u015bni\u0119te w aucie, pilot przesta\u0142 dzia\u0142a\u0107 lub centralny zamek uleg\u0142 awarii. Dzi\u0119ki specjalistycznym narz\u0119dziom mo\u017cemy otworzy\u0107 pojazd bez uszkodze\u0144.<\/p>\n\n\n\n<p>Pracujemy przy wi\u0119kszo\u015bci marek i modeli \u2013 zar\u00f3wno starszych, jak i nowoczesnych samochodach wyposa\u017conych w centralny zamek.<\/p>\n\n\n\n<h2 class=\"wp-block-heading\">Jakie pojazdy otwieramy?<\/h2>\n\n\n\n<ul class=\"wp-block-list\">\n<li>samochody osobowe<\/li>\n<li>auta dostawcze<\/li>\n<li>pojazdy s\u0142u\u017cbowe i firmowe<\/li>\n<li>samochody z kluczykiem tradycyjnym i pilotem<\/li>\n<\/ul>\n\n\n\n<p>Us\u0142ug\u0119 realizujemy <strong>legalnie i dyskretnie<\/strong> \u2013 przed rozpocz\u0119ciem pracy potwierdzamy prawo do pojazdu. Dzi\u0119ki temu masz pewno\u015b\u0107 bezpiecze\u0144stwa i zgodno\u015bci z przepisami.<\/p>\n\n\n\n<p><strong>Awaryjne otwieranie auta \u2013 Gda\u0144sk:<\/strong> <a href=\"tel:609548040\">609 548 040<\/a><\/p>\n\n\n","protected":false},"excerpt":{"rendered":"<p>Otwieranie samochod\u00f3w Gda\u0144sk \u2013 bezpiecznie i legalnie 24H Otwieranie samochod\u00f3w w Gda\u0144sku wykonujemy w sytuacjach, gdy kluczyki zosta\u0142y zatrza\u015bni\u0119te w [&hellip;]<\/p>\n","protected":false},"author":1,"featured_media":0,"parent":0,"menu_order":0,"comment_status":"closed","ping_status":"closed","template":"","meta":{"site-sidebar-layout":"default","site-content-layout":"","ast-site-content-layout":"default","site-content-style":"default","site-sidebar-style":"default","ast-global-header-display":"","ast-banner-title-visibility":"","ast-main-header-display":"","ast-hfb-above-header-display":"","ast-hfb-below-header-display":"","ast-hfb-mobile-header-display":"","site-post-title":"","ast-breadcrumbs-content":"","ast-featured-img":"","footer-sml-layout":"","ast-disable-related-posts":"","theme-transparent-header-meta":"","adv-header-id-meta":"","stick-header-meta":"","header-above-stick-meta":"","header-main-stick-meta":"","header-below-stick-meta":"","astra-migrate-meta-layouts":"default","ast-page-background-enabled":"default","ast-page-background-meta":{"desktop":{"background-color":"var(--ast-global-color-5)","background-image":"","background-repeat":"repeat","background-position":"center center","background-size":"auto","background-attachment":"scroll","background-type":"","background-media":"","overlay-type":"","overlay-color":"","overlay-opacity":"","overlay-gradient":""},"tablet":{"background-color":"","background-image":"","background-repeat":"repeat","background-position":"center center","background-size":"auto","background-attachment":"scroll","background-type":"","background-media":"","overlay-type":"","overlay-color":"","overlay-opacity":"","overlay-gradient":""},"mobile":{"background-color":"","background-image":"","background-repeat":"repeat","background-position":"center center","background-size":"auto","background-attachment":"scroll","background-type":"","background-media":"","overlay-type":"","overlay-color":"","overlay-opacity":"","overlay-gradient":""}},"ast-content-background-meta":{"desktop":{"background-color":"var(--ast-global-color-4)","background-image":"","background-repeat":"repeat","background-position":"center center","background-size":"auto","background-attachment":"scroll","background-type":"","background-media":"","overlay-type":"","overlay-color":"","overlay-opacity":"","overlay-gradient":""},"tablet":{"background-color":"var(--ast-global-color-4)","background-image":"","background-repeat":"repeat","background-position":"center center","background-size":"auto","background-attachment":"scroll","background-type":"","background-media":"","overlay-type":"","overlay-color":"","overlay-opacity":"","overlay-gradient":""},"mobile":{"background-color":"var(--ast-global-color-4)","background-image":"","background-repeat":"repeat","background-position":"center center","background-size":"auto","background-attachment":"scroll","background-type":"","background-media":"","overlay-type":"","overlay-color":"","overlay-opacity":"","overlay-gradient":""}},"footnotes":""},"class_list":["post-5050","page","type-page","status-publish","hentry"],"_links":{"self":[{"href":"https:\/\/drzwiotwieranie.pl\/index.php\/wp-json\/wp\/v2\/pages\/5050","targetHints":{"allow":["GET"]}}],"collection":[{"href":"https:\/\/drzwiotwieranie.pl\/index.php\/wp-json\/wp\/v2\/pages"}],"about":[{"href":"https:\/\/drzwiotwieranie.pl\/index.php\/wp-json\/wp\/v2\/types\/page"}],"author":[{"embeddable":true,"href":"https:\/\/drzwiotwieranie.pl\/index.php\/wp-json\/wp\/v2\/users\/1"}],"replies":[{"embeddable":true,"href":"https:\/\/drzwiotwieranie.pl\/index.php\/wp-json\/wp\/v2\/comments?post=5050"}],"version-history":[{"count":3,"href":"https:\/\/drzwiotwieranie.pl\/index.php\/wp-json\/wp\/v2\/pages\/5050\/revisions"}],"predecessor-version":[{"id":5059,"href":"https:\/\/drzwiotwieranie.pl\/index.php\/wp-json\/wp\/v2\/pages\/5050\/revisions\/5059"}],"wp:attachment":[{"href":"https:\/\/drzwiotwieranie.pl\/index.php\/wp-json\/wp\/v2\/media?parent=5050"}],"curies":[{"name":"wp","href":"https:\/\/api.w.org\/{rel}","templated":true}]}}